{"id":1015,"date":"2018-06-08T11:33:19","date_gmt":"2018-06-08T09:33:19","guid":{"rendered":"http:\/\/transcom.sk\/transcom\/"},"modified":"2022-02-12T13:20:53","modified_gmt":"2022-02-12T12:20:53","slug":"transcom","status":"publish","type":"page","link":"https:\/\/transcom.sk\/en\/","title":{"rendered":"Transcom"},"content":{"rendered":"","protected":false},"excerpt":{"rendered":"","protected":false},"author":1,"featured_media":0,"parent":0,"menu_order":0,"comment_status":"closed","ping_status":"closed","template":"front-page.php","meta":{"_acf_changed":false,"inline_featured_image":false,"footnotes":""},"class_list":["post-1015","page","type-page","status-publish","hentry"],"acf":[],"yoast_head":"<!-- This site is optimized with the Yoast SEO plugin v25.7 - https:\/\/yoast.com\/wordpress\/plugins\/seo\/ -->\n<title>Transcom - Transcom Technik<\/title>\n<meta name=\"robots\" content=\"index, follow, max-snippet:-1, max-image-preview:large, max-video-preview:-1\" \/>\n<link rel=\"canonical\" href=\"https:\/\/transcom.sk\/en\/\" \/>\n<meta property=\"og:locale\" content=\"en_US\" \/>\n<meta property=\"og:type\" content=\"article\" \/>\n<meta property=\"og:title\" content=\"Transcom - Transcom Technik\" \/>\n<meta property=\"og:url\" content=\"https:\/\/transcom.sk\/en\/\" \/>\n<meta property=\"og:site_name\" content=\"Transcom Technik\" \/>\n<meta property=\"article:modified_time\" content=\"2022-02-12T12:20:53+00:00\" \/>\n<meta name=\"twitter:card\" content=\"summary_large_image\" \/>\n<script type=\"application\/ld+json\" class=\"yoast-schema-graph\">{\"@context\":\"https:\/\/schema.org\",\"@graph\":[{\"@type\":\"WebPage\",\"@id\":\"https:\/\/transcom.sk\/en\/\",\"url\":\"https:\/\/transcom.sk\/en\/\",\"name\":\"Transcom - Transcom Technik\",\"isPartOf\":{\"@id\":\"http:\/\/transcom.sk\/#website\"},\"datePublished\":\"2018-06-08T09:33:19+00:00\",\"dateModified\":\"2022-02-12T12:20:53+00:00\",\"breadcrumb\":{\"@id\":\"https:\/\/transcom.sk\/en\/#breadcrumb\"},\"inLanguage\":\"en-US\",\"potentialAction\":[{\"@type\":\"ReadAction\",\"target\":[\"https:\/\/transcom.sk\/en\/\"]}]},{\"@type\":\"BreadcrumbList\",\"@id\":\"https:\/\/transcom.sk\/en\/#breadcrumb\",\"itemListElement\":[{\"@type\":\"ListItem\",\"position\":1,\"name\":\"Home\",\"item\":\"https:\/\/transcom.sk\/en\/\"},{\"@type\":\"ListItem\",\"position\":2,\"name\":\"Transcom\"}]},{\"@type\":\"WebSite\",\"@id\":\"http:\/\/transcom.sk\/#website\",\"url\":\"http:\/\/transcom.sk\/\",\"name\":\"Transcom Technik\",\"description\":\"Procesn\u00e1 automatiz\u00e1cia, viac ako meranie a regul\u00e1cia\",\"publisher\":{\"@id\":\"http:\/\/transcom.sk\/#organization\"},\"potentialAction\":[{\"@type\":\"SearchAction\",\"target\":{\"@type\":\"EntryPoint\",\"urlTemplate\":\"http:\/\/transcom.sk\/?s={search_term_string}\"},\"query-input\":{\"@type\":\"PropertyValueSpecification\",\"valueRequired\":true,\"valueName\":\"search_term_string\"}}],\"inLanguage\":\"en-US\"},{\"@type\":\"Organization\",\"@id\":\"http:\/\/transcom.sk\/#organization\",\"name\":\"Transcom Technik\",\"url\":\"http:\/\/transcom.sk\/\",\"logo\":{\"@type\":\"ImageObject\",\"inLanguage\":\"en-US\",\"@id\":\"http:\/\/transcom.sk\/#\/schema\/logo\/image\/\",\"url\":\"https:\/\/transcom.sk\/wp-content\/uploads\/2025\/08\/TT-logo.svg\",\"contentUrl\":\"https:\/\/transcom.sk\/wp-content\/uploads\/2025\/08\/TT-logo.svg\",\"width\":210,\"height\":297,\"caption\":\"Transcom Technik\"},\"image\":{\"@id\":\"http:\/\/transcom.sk\/#\/schema\/logo\/image\/\"},\"sameAs\":[\"https:\/\/sk.linkedin.com\/company\/transcom-technik-spol.-s-r.o.\"]}]}<\/script>\n<!-- \/ Yoast SEO plugin. -->","yoast_head_json":{"title":"Transcom - Transcom Technik","robots":{"index":"index","follow":"follow","max-snippet":"max-snippet:-1","max-image-preview":"max-image-preview:large","max-video-preview":"max-video-preview:-1"},"canonical":"https:\/\/transcom.sk\/en\/","og_locale":"en_US","og_type":"article","og_title":"Transcom - Transcom Technik","og_url":"https:\/\/transcom.sk\/en\/","og_site_name":"Transcom Technik","article_modified_time":"2022-02-12T12:20:53+00:00","twitter_card":"summary_large_image","schema":{"@context":"https:\/\/schema.org","@graph":[{"@type":"WebPage","@id":"https:\/\/transcom.sk\/en\/","url":"https:\/\/transcom.sk\/en\/","name":"Transcom - Transcom Technik","isPartOf":{"@id":"http:\/\/transcom.sk\/#website"},"datePublished":"2018-06-08T09:33:19+00:00","dateModified":"2022-02-12T12:20:53+00:00","breadcrumb":{"@id":"https:\/\/transcom.sk\/en\/#breadcrumb"},"inLanguage":"en-US","potentialAction":[{"@type":"ReadAction","target":["https:\/\/transcom.sk\/en\/"]}]},{"@type":"BreadcrumbList","@id":"https:\/\/transcom.sk\/en\/#breadcrumb","itemListElement":[{"@type":"ListItem","position":1,"name":"Home","item":"https:\/\/transcom.sk\/en\/"},{"@type":"ListItem","position":2,"name":"Transcom"}]},{"@type":"WebSite","@id":"http:\/\/transcom.sk\/#website","url":"http:\/\/transcom.sk\/","name":"Transcom Technik","description":"Procesn\u00e1 automatiz\u00e1cia, viac ako meranie a regul\u00e1cia","publisher":{"@id":"http:\/\/transcom.sk\/#organization"},"potentialAction":[{"@type":"SearchAction","target":{"@type":"EntryPoint","urlTemplate":"http:\/\/transcom.sk\/?s={search_term_string}"},"query-input":{"@type":"PropertyValueSpecification","valueRequired":true,"valueName":"search_term_string"}}],"inLanguage":"en-US"},{"@type":"Organization","@id":"http:\/\/transcom.sk\/#organization","name":"Transcom Technik","url":"http:\/\/transcom.sk\/","logo":{"@type":"ImageObject","inLanguage":"en-US","@id":"http:\/\/transcom.sk\/#\/schema\/logo\/image\/","url":"https:\/\/transcom.sk\/wp-content\/uploads\/2025\/08\/TT-logo.svg","contentUrl":"https:\/\/transcom.sk\/wp-content\/uploads\/2025\/08\/TT-logo.svg","width":210,"height":297,"caption":"Transcom Technik"},"image":{"@id":"http:\/\/transcom.sk\/#\/schema\/logo\/image\/"},"sameAs":["https:\/\/sk.linkedin.com\/company\/transcom-technik-spol.-s-r.o."]}]}},"_links":{"self":[{"href":"https:\/\/transcom.sk\/en\/wp-json\/wp\/v2\/pages\/1015","targetHints":{"allow":["GET"]}}],"collection":[{"href":"https:\/\/transcom.sk\/en\/wp-json\/wp\/v2\/pages"}],"about":[{"href":"https:\/\/transcom.sk\/en\/wp-json\/wp\/v2\/types\/page"}],"author":[{"embeddable":true,"href":"https:\/\/transcom.sk\/en\/wp-json\/wp\/v2\/users\/1"}],"replies":[{"embeddable":true,"href":"https:\/\/transcom.sk\/en\/wp-json\/wp\/v2\/comments?post=1015"}],"version-history":[{"count":16,"href":"https:\/\/transcom.sk\/en\/wp-json\/wp\/v2\/pages\/1015\/revisions"}],"predecessor-version":[{"id":4007,"href":"https:\/\/transcom.sk\/en\/wp-json\/wp\/v2\/pages\/1015\/revisions\/4007"}],"wp:attachment":[{"href":"https:\/\/transcom.sk\/en\/wp-json\/wp\/v2\/media?parent=1015"}],"curies":[{"name":"wp","href":"https:\/\/api.w.org\/{rel}","templated":true}]}}