{"id":3102,"date":"2018-06-14T14:25:29","date_gmt":"2018-06-14T12:25:29","guid":{"rendered":"http:\/\/transcom.sk\/na-stiahnutie\/"},"modified":"2019-05-31T13:15:23","modified_gmt":"2019-05-31T11:15:23","slug":"na-stiahnutie","status":"publish","type":"page","link":"https:\/\/transcom.sk\/en\/na-stiahnutie\/","title":{"rendered":"Download"},"content":{"rendered":"<h2>S\u0165ahovanie s\u00faborov<\/h2>\n<p><span class=\"urTxtEmph urVt1\">V oblasti s\u0165ahovania si m\u00f4\u017eete stiahnu\u0165\u00a0dokument\u00e1cie,\u00a0certifik\u00e1ty,\u00a0multimedi\u00e1lne s\u00fabory\u00a0a\u00a0software. Na v\u0161etky s\u00fabory, ktor\u00e9 sa nach\u00e1dzaj\u00fa v tejto sekcii sa vz\u0165ahuje\u00a0copyright\u00a9<\/span><\/p>\n<h2>Dokument\u00e1cie<\/h2>\n<p>Technick\u00e9 dokument\u00e1cie, katal\u00f3gov\u00e9 listy, projek\u010dn\u00e9 dokument\u00e1cie<br \/>\nV\u00fdkresy, v\u00fdkresov\u00e1 dokument\u00e1cia.<br \/>\nN\u00e1vody, n\u00e1vody na obsluhu, n\u00e1vody na \u00fadr\u017ebu, n\u00e1vody na pou\u017eitie &#8211; prev\u00e1dzkov\u00e9 n\u00e1vody.<\/p>\n<h2>Certifik\u00e1ty<\/h2>\n<p>Metrologick\u00e9 certifik\u00e1ty, kalibra\u010dn\u00e9 certifik\u00e1ty, kalibra\u010dn\u00e9 protokoly.<br \/>\nCertifik\u00e1ty nev\u00fdbu\u0161nosti, medzin\u00e1rodn\u00e9 EX certifik\u00e1ty (ATEX, CENELEC, PTB)<\/p>\n<h2>Multimedi\u00e1lne s\u00fabory<\/h2>\n<p>Video uk\u00e1\u017eky, video prezent\u00e1cie, video nahr\u00e1vky.<\/p>\n<h2>Software<\/h2>\n<p>U\u017e\u00edvate\u013esk\u00fd software, software pre nastavenie pr\u00edstrojov, software na vizualiz\u00e1ciu.<\/p>\n<p><strong>Pr\u00edklad pou\u017eitia:<\/strong><br \/>\nH\u013ead\u00e1te\u00a0<span class=\"urTxtEmph urVt1\">katal\u00f3gov\u00e9 listy alebo technick\u00fa dokument\u00e1ciu k induk\u010dn\u00fdm prietokomerom Promag 53P1H<\/span>. Do okienka nap\u00ed\u0161ete typov\u00e9 ozna\u010denie pr\u00edstroja, t.j. \u010das\u0165 objedn\u00e1vacieho k\u00f3du pr\u00edstroja pred poml\u010dkou, \u010di\u017ee 53P1H a kliknete na h\u013eadanie, alebo stla\u010d\u00edte Enter.<br \/>\n\u010ealej sa V\u00e1m zobraz\u00ed zoznam dostupn\u00fdch dokumentov; katal\u00f3gov\u00e9 listy a technick\u00e9 dokument\u00e1cie (Technical Documentation), n\u00e1vody na pou\u017eitie a n\u00e1vody na \u00fadr\u017ebu a podobne.<\/p>\n<p>Nena\u0161li ste relevantn\u00fa inform\u00e1ciu?<br \/>\nPo kliknut\u00ed na\u00a0<span class=\"urTxtEmph urVt1\"><a href=\"http:\/\/www.endress.com\/en\/downloads\" target=\"_blank\" rel=\"noopener\">Endress+Hauser Download Area<\/a>\u00a0sa dostanete priamo do download sekcie E+H.<\/span><\/p>\n","protected":false},"excerpt":{"rendered":"<p>S\u0165ahovanie s\u00faborov V oblasti s\u0165ahovania si m\u00f4\u017eete stiahnu\u0165\u00a0dokument\u00e1cie,\u00a0certifik\u00e1ty,\u00a0multimedi\u00e1lne s\u00fabory\u00a0a\u00a0software. Na v\u0161etky s\u00fabory, ktor\u00e9 sa nach\u00e1dzaj\u00fa v tejto sekcii sa vz\u0165ahuje\u00a0copyright\u00a9 Dokument\u00e1cie Technick\u00e9 dokument\u00e1cie, katal\u00f3gov\u00e9 listy,&#8230;<\/p>\n","protected":false},"author":1,"featured_media":0,"parent":0,"menu_order":0,"comment_status":"closed","ping_status":"closed","template":"nastiahnutie.php","meta":{"_acf_changed":false,"inline_featured_image":false,"footnotes":""},"class_list":["post-3102","page","type-page","status-publish","hentry"],"acf":[],"yoast_head":"<!-- This site is optimized with the Yoast SEO plugin v25.7 - https:\/\/yoast.com\/wordpress\/plugins\/seo\/ -->\n<title>Download - Download area - Transcom Technik<\/title>\n<meta name=\"description\" content=\"V oblasti Download area Endress+Hauser si m\u00f4\u017eete stiahnu\u0165 dokument\u00e1cie,\u00a0certifik\u00e1ty, n\u00e1vody,\u00a0multimedi\u00e1lne s\u00fabory\u00a0a\u00a0software.\" \/>\n<meta name=\"robots\" content=\"index, follow, max-snippet:-1, max-image-preview:large, max-video-preview:-1\" \/>\n<link rel=\"canonical\" href=\"http:\/\/transcom.sk\/en\/na-stiahnutie\/\" \/>\n<meta property=\"og:locale\" content=\"en_US\" \/>\n<meta property=\"og:type\" content=\"article\" \/>\n<meta property=\"og:title\" content=\"Download - Download area - Transcom Technik\" \/>\n<meta property=\"og:description\" content=\"V oblasti Download area Endress+Hauser si m\u00f4\u017eete stiahnu\u0165 dokument\u00e1cie,\u00a0certifik\u00e1ty, n\u00e1vody,\u00a0multimedi\u00e1lne s\u00fabory\u00a0a\u00a0software.\" \/>\n<meta property=\"og:url\" content=\"http:\/\/transcom.sk\/en\/na-stiahnutie\/\" \/>\n<meta property=\"og:site_name\" content=\"Transcom Technik\" \/>\n<meta property=\"article:modified_time\" content=\"2019-05-31T11:15:23+00:00\" \/>\n<meta name=\"twitter:card\" content=\"summary_large_image\" \/>\n<meta name=\"twitter:label1\" content=\"Est. reading time\" \/>\n\t<meta name=\"twitter:data1\" content=\"1 minute\" \/>\n<script type=\"application\/ld+json\" class=\"yoast-schema-graph\">{\"@context\":\"https:\/\/schema.org\",\"@graph\":[{\"@type\":\"WebPage\",\"@id\":\"http:\/\/transcom.sk\/en\/na-stiahnutie\/\",\"url\":\"http:\/\/transcom.sk\/en\/na-stiahnutie\/\",\"name\":\"Download - Download area - Transcom Technik\",\"isPartOf\":{\"@id\":\"http:\/\/transcom.sk\/#website\"},\"datePublished\":\"2018-06-14T12:25:29+00:00\",\"dateModified\":\"2019-05-31T11:15:23+00:00\",\"description\":\"V oblasti Download area Endress+Hauser si m\u00f4\u017eete stiahnu\u0165 dokument\u00e1cie,\u00a0certifik\u00e1ty, n\u00e1vody,\u00a0multimedi\u00e1lne s\u00fabory\u00a0a\u00a0software.\",\"breadcrumb\":{\"@id\":\"http:\/\/transcom.sk\/en\/na-stiahnutie\/#breadcrumb\"},\"inLanguage\":\"en-US\",\"potentialAction\":[{\"@type\":\"ReadAction\",\"target\":[\"http:\/\/transcom.sk\/en\/na-stiahnutie\/\"]}]},{\"@type\":\"BreadcrumbList\",\"@id\":\"http:\/\/transcom.sk\/en\/na-stiahnutie\/#breadcrumb\",\"itemListElement\":[{\"@type\":\"ListItem\",\"position\":1,\"name\":\"Home\",\"item\":\"https:\/\/transcom.sk\/en\/\"},{\"@type\":\"ListItem\",\"position\":2,\"name\":\"Download\"}]},{\"@type\":\"WebSite\",\"@id\":\"http:\/\/transcom.sk\/#website\",\"url\":\"http:\/\/transcom.sk\/\",\"name\":\"Transcom Technik\",\"description\":\"Procesn\u00e1 automatiz\u00e1cia, viac ako meranie a regul\u00e1cia\",\"publisher\":{\"@id\":\"http:\/\/transcom.sk\/#organization\"},\"potentialAction\":[{\"@type\":\"SearchAction\",\"target\":{\"@type\":\"EntryPoint\",\"urlTemplate\":\"http:\/\/transcom.sk\/?s={search_term_string}\"},\"query-input\":{\"@type\":\"PropertyValueSpecification\",\"valueRequired\":true,\"valueName\":\"search_term_string\"}}],\"inLanguage\":\"en-US\"},{\"@type\":\"Organization\",\"@id\":\"http:\/\/transcom.sk\/#organization\",\"name\":\"Transcom Technik\",\"url\":\"http:\/\/transcom.sk\/\",\"logo\":{\"@type\":\"ImageObject\",\"inLanguage\":\"en-US\",\"@id\":\"http:\/\/transcom.sk\/#\/schema\/logo\/image\/\",\"url\":\"https:\/\/transcom.sk\/wp-content\/uploads\/2025\/08\/TT-logo.svg\",\"contentUrl\":\"https:\/\/transcom.sk\/wp-content\/uploads\/2025\/08\/TT-logo.svg\",\"width\":210,\"height\":297,\"caption\":\"Transcom Technik\"},\"image\":{\"@id\":\"http:\/\/transcom.sk\/#\/schema\/logo\/image\/\"},\"sameAs\":[\"https:\/\/sk.linkedin.com\/company\/transcom-technik-spol.-s-r.o.\"]}]}<\/script>\n<!-- \/ Yoast SEO plugin. -->","yoast_head_json":{"title":"Download - Download area - Transcom Technik","description":"V oblasti Download area Endress+Hauser si m\u00f4\u017eete stiahnu\u0165 dokument\u00e1cie,\u00a0certifik\u00e1ty, n\u00e1vody,\u00a0multimedi\u00e1lne s\u00fabory\u00a0a\u00a0software.","robots":{"index":"index","follow":"follow","max-snippet":"max-snippet:-1","max-image-preview":"max-image-preview:large","max-video-preview":"max-video-preview:-1"},"canonical":"http:\/\/transcom.sk\/en\/na-stiahnutie\/","og_locale":"en_US","og_type":"article","og_title":"Download - Download area - Transcom Technik","og_description":"V oblasti Download area Endress+Hauser si m\u00f4\u017eete stiahnu\u0165 dokument\u00e1cie,\u00a0certifik\u00e1ty, n\u00e1vody,\u00a0multimedi\u00e1lne s\u00fabory\u00a0a\u00a0software.","og_url":"http:\/\/transcom.sk\/en\/na-stiahnutie\/","og_site_name":"Transcom Technik","article_modified_time":"2019-05-31T11:15:23+00:00","twitter_card":"summary_large_image","twitter_misc":{"Est. reading time":"1 minute"},"schema":{"@context":"https:\/\/schema.org","@graph":[{"@type":"WebPage","@id":"http:\/\/transcom.sk\/en\/na-stiahnutie\/","url":"http:\/\/transcom.sk\/en\/na-stiahnutie\/","name":"Download - Download area - Transcom Technik","isPartOf":{"@id":"http:\/\/transcom.sk\/#website"},"datePublished":"2018-06-14T12:25:29+00:00","dateModified":"2019-05-31T11:15:23+00:00","description":"V oblasti Download area Endress+Hauser si m\u00f4\u017eete stiahnu\u0165 dokument\u00e1cie,\u00a0certifik\u00e1ty, n\u00e1vody,\u00a0multimedi\u00e1lne s\u00fabory\u00a0a\u00a0software.","breadcrumb":{"@id":"http:\/\/transcom.sk\/en\/na-stiahnutie\/#breadcrumb"},"inLanguage":"en-US","potentialAction":[{"@type":"ReadAction","target":["http:\/\/transcom.sk\/en\/na-stiahnutie\/"]}]},{"@type":"BreadcrumbList","@id":"http:\/\/transcom.sk\/en\/na-stiahnutie\/#breadcrumb","itemListElement":[{"@type":"ListItem","position":1,"name":"Home","item":"https:\/\/transcom.sk\/en\/"},{"@type":"ListItem","position":2,"name":"Download"}]},{"@type":"WebSite","@id":"http:\/\/transcom.sk\/#website","url":"http:\/\/transcom.sk\/","name":"Transcom Technik","description":"Procesn\u00e1 automatiz\u00e1cia, viac ako meranie a regul\u00e1cia","publisher":{"@id":"http:\/\/transcom.sk\/#organization"},"potentialAction":[{"@type":"SearchAction","target":{"@type":"EntryPoint","urlTemplate":"http:\/\/transcom.sk\/?s={search_term_string}"},"query-input":{"@type":"PropertyValueSpecification","valueRequired":true,"valueName":"search_term_string"}}],"inLanguage":"en-US"},{"@type":"Organization","@id":"http:\/\/transcom.sk\/#organization","name":"Transcom Technik","url":"http:\/\/transcom.sk\/","logo":{"@type":"ImageObject","inLanguage":"en-US","@id":"http:\/\/transcom.sk\/#\/schema\/logo\/image\/","url":"https:\/\/transcom.sk\/wp-content\/uploads\/2025\/08\/TT-logo.svg","contentUrl":"https:\/\/transcom.sk\/wp-content\/uploads\/2025\/08\/TT-logo.svg","width":210,"height":297,"caption":"Transcom Technik"},"image":{"@id":"http:\/\/transcom.sk\/#\/schema\/logo\/image\/"},"sameAs":["https:\/\/sk.linkedin.com\/company\/transcom-technik-spol.-s-r.o."]}]}},"_links":{"self":[{"href":"https:\/\/transcom.sk\/en\/wp-json\/wp\/v2\/pages\/3102","targetHints":{"allow":["GET"]}}],"collection":[{"href":"https:\/\/transcom.sk\/en\/wp-json\/wp\/v2\/pages"}],"about":[{"href":"https:\/\/transcom.sk\/en\/wp-json\/wp\/v2\/types\/page"}],"author":[{"embeddable":true,"href":"https:\/\/transcom.sk\/en\/wp-json\/wp\/v2\/users\/1"}],"replies":[{"embeddable":true,"href":"https:\/\/transcom.sk\/en\/wp-json\/wp\/v2\/comments?post=3102"}],"version-history":[{"count":2,"href":"https:\/\/transcom.sk\/en\/wp-json\/wp\/v2\/pages\/3102\/revisions"}],"predecessor-version":[{"id":3104,"href":"https:\/\/transcom.sk\/en\/wp-json\/wp\/v2\/pages\/3102\/revisions\/3104"}],"wp:attachment":[{"href":"https:\/\/transcom.sk\/en\/wp-json\/wp\/v2\/media?parent=3102"}],"curies":[{"name":"wp","href":"https:\/\/api.w.org\/{rel}","templated":true}]}}